{"id":1212,"date":"2024-06-03T14:17:00","date_gmt":"2024-06-03T14:17:00","guid":{"rendered":"https:\/\/love4cakes.com\/?post_type=product&#038;p=1212"},"modified":"2024-07-16T01:45:27","modified_gmt":"2024-07-16T01:45:27","slug":"mini-quiches","status":"publish","type":"product","link":"https:\/\/love4cakes.com\/en\/product\/mini-quiches\/","title":{"rendered":"Mini Quiches"},"content":{"rendered":"<p>Pastel salado de origen franc\u00e9s que consiste en una crujiente masa quebrada rellena de una base de huevo y nata, acompa\u00f1ada de otros ingredientes especiales de los que salen nuestras combinaciones sensacionales: Pollo al romero, champi\u00f1\u00f3n y jam\u00f3n o tocineta y miel. Pueden servirse como entrantes o como pasabocas en cualquier evento o celebraci\u00f3n. <strong>Minimum quantity: 20 units.<\/strong><\/p>","protected":false},"excerpt":{"rendered":"<p>Pastel salado de origen franc\u00e9s que consiste en una crujiente masa quebrada rellena de una base de huevo y nata, acompa\u00f1ada de otros ingredientes especiales de los que salen nuestras combinaciones sensacionales: Pollo al romero, champi\u00f1\u00f3n y jam\u00f3n o tocineta y miel. Pueden servirse como entrantes o como pasabocas en cualquier evento o celebraci\u00f3n. <strong>Minimum quantity: 20 units.<\/strong><\/p>","protected":false},"featured_media":1222,"comment_status":"open","ping_status":"closed","template":"","meta":{"_uag_custom_page_level_css":"","neve_meta_sidebar":"","neve_meta_container":"","neve_meta_enable_content_width":"off","neve_meta_content_width":100,"neve_meta_title_alignment":"","neve_meta_author_avatar":"","neve_post_elements_order":"","neve_meta_disable_header":"","neve_meta_disable_footer":"","neve_meta_disable_title":"","_themeisle_gutenberg_block_has_review":false,"_joinchat":[]},"product_brand":[],"product_cat":[15,25],"product_tag":[38,36,29],"class_list":{"0":"post-1212","1":"product","2":"type-product","3":"status-publish","4":"has-post-thumbnail","6":"product_cat-todos-los-productos","7":"product_cat-saladito","8":"product_tag-catering","9":"product_tag-empresa","10":"product_tag-eventos","12":"first","13":"instock","14":"taxable","15":"shipping-taxable","16":"purchasable","17":"product-type-variable"},"yoast_head":"<!-- This site is optimized with the Yoast SEO plugin v27.4 - https:\/\/yoast.com\/product\/yoast-seo-wordpress\/ -->\n<title>Mini Quiches - Love4Cakes<\/title>\n<meta name=\"robots\" content=\"index, follow, max-snippet:-1, max-image-preview:large, max-video-preview:-1\" \/>\n<link rel=\"canonical\" href=\"https:\/\/love4cakes.com\/en\/product\/mini-quiches\/\" \/>\n<meta property=\"og:locale\" content=\"en_US\" \/>\n<meta property=\"og:type\" content=\"article\" \/>\n<meta property=\"og:title\" content=\"Mini Quiches - Love4Cakes\" \/>\n<meta property=\"og:description\" content=\"Pastel salado de origen franc\u00e9s que consiste en una crujiente masa quebrada rellena de una base de huevo y nata, acompa\u00f1ada de otros ingredientes especiales de los que salen nuestras combinaciones sensacionales: Pollo al romero, champi\u00f1\u00f3n y jam\u00f3n o tocineta y miel. Pueden servirse como entrantes o como pasabocas en cualquier evento o celebraci\u00f3n. Cantidad m\u00ednima: 20 unidades.\" \/>\n<meta property=\"og:url\" content=\"https:\/\/love4cakes.com\/en\/product\/mini-quiches\/\" \/>\n<meta property=\"og:site_name\" content=\"Love4Cakes\" \/>\n<meta property=\"article:modified_time\" content=\"2024-07-16T01:45:27+00:00\" \/>\n<meta property=\"og:image\" content=\"https:\/\/love4cakes.com\/wp-content\/uploads\/2024\/06\/59.jpg\" \/>\n\t<meta property=\"og:image:width\" content=\"500\" \/>\n\t<meta property=\"og:image:height\" content=\"500\" \/>\n\t<meta property=\"og:image:type\" content=\"image\/jpeg\" \/>\n<meta name=\"twitter:card\" content=\"summary_large_image\" \/>\n<meta name=\"twitter:label1\" content=\"Est. reading time\" \/>\n\t<meta name=\"twitter:data1\" content=\"1 minute\" \/>\n<script type=\"application\/ld+json\" class=\"yoast-schema-graph\">{\"@context\":\"https:\\\/\\\/schema.org\",\"@graph\":[{\"@type\":\"WebPage\",\"@id\":\"https:\\\/\\\/love4cakes.com\\\/product\\\/mini-quiches\\\/\",\"url\":\"https:\\\/\\\/love4cakes.com\\\/product\\\/mini-quiches\\\/\",\"name\":\"Mini Quiches - Love4Cakes\",\"isPartOf\":{\"@id\":\"https:\\\/\\\/love4cakes.com\\\/#website\"},\"primaryImageOfPage\":{\"@id\":\"https:\\\/\\\/love4cakes.com\\\/product\\\/mini-quiches\\\/#primaryimage\"},\"image\":{\"@id\":\"https:\\\/\\\/love4cakes.com\\\/product\\\/mini-quiches\\\/#primaryimage\"},\"thumbnailUrl\":\"https:\\\/\\\/i0.wp.com\\\/love4cakes.com\\\/wp-content\\\/uploads\\\/2024\\\/06\\\/59.jpg?fit=500%2C500&ssl=1\",\"datePublished\":\"2024-06-03T14:17:00+00:00\",\"dateModified\":\"2024-07-16T01:45:27+00:00\",\"breadcrumb\":{\"@id\":\"https:\\\/\\\/love4cakes.com\\\/product\\\/mini-quiches\\\/#breadcrumb\"},\"inLanguage\":\"en-US\",\"potentialAction\":[{\"@type\":\"ReadAction\",\"target\":[\"https:\\\/\\\/love4cakes.com\\\/product\\\/mini-quiches\\\/\"]}]},{\"@type\":\"ImageObject\",\"inLanguage\":\"en-US\",\"@id\":\"https:\\\/\\\/love4cakes.com\\\/product\\\/mini-quiches\\\/#primaryimage\",\"url\":\"https:\\\/\\\/i0.wp.com\\\/love4cakes.com\\\/wp-content\\\/uploads\\\/2024\\\/06\\\/59.jpg?fit=500%2C500&ssl=1\",\"contentUrl\":\"https:\\\/\\\/i0.wp.com\\\/love4cakes.com\\\/wp-content\\\/uploads\\\/2024\\\/06\\\/59.jpg?fit=500%2C500&ssl=1\",\"width\":500,\"height\":500,\"caption\":\"Mini Quiche\"},{\"@type\":\"BreadcrumbList\",\"@id\":\"https:\\\/\\\/love4cakes.com\\\/product\\\/mini-quiches\\\/#breadcrumb\",\"itemListElement\":[{\"@type\":\"ListItem\",\"position\":1,\"name\":\"Portada\",\"item\":\"https:\\\/\\\/love4cakes.com\\\/\"},{\"@type\":\"ListItem\",\"position\":2,\"name\":\"Pasteler\u00eda\",\"item\":\"https:\\\/\\\/love4cakes.com\\\/shop\\\/\"},{\"@type\":\"ListItem\",\"position\":3,\"name\":\"Mini Quiches\"}]},{\"@type\":\"WebSite\",\"@id\":\"https:\\\/\\\/love4cakes.com\\\/#website\",\"url\":\"https:\\\/\\\/love4cakes.com\\\/\",\"name\":\"Love4Cakes\",\"description\":\"Pasteler&iacute;a Artesanal\",\"publisher\":{\"@id\":\"https:\\\/\\\/love4cakes.com\\\/#organization\"},\"potentialAction\":[{\"@type\":\"SearchAction\",\"target\":{\"@type\":\"EntryPoint\",\"urlTemplate\":\"https:\\\/\\\/love4cakes.com\\\/?s={search_term_string}\"},\"query-input\":{\"@type\":\"PropertyValueSpecification\",\"valueRequired\":true,\"valueName\":\"search_term_string\"}}],\"inLanguage\":\"en-US\"},{\"@type\":\"Organization\",\"@id\":\"https:\\\/\\\/love4cakes.com\\\/#organization\",\"name\":\"Love4Cakes\",\"url\":\"https:\\\/\\\/love4cakes.com\\\/\",\"logo\":{\"@type\":\"ImageObject\",\"inLanguage\":\"en-US\",\"@id\":\"https:\\\/\\\/love4cakes.com\\\/#\\\/schema\\\/logo\\\/image\\\/\",\"url\":\"https:\\\/\\\/love4cakes.com\\\/wp-content\\\/uploads\\\/2024\\\/05\\\/cropped-LogosVOL2-09.png\",\"contentUrl\":\"https:\\\/\\\/love4cakes.com\\\/wp-content\\\/uploads\\\/2024\\\/05\\\/cropped-LogosVOL2-09.png\",\"width\":512,\"height\":512,\"caption\":\"Love4Cakes\"},\"image\":{\"@id\":\"https:\\\/\\\/love4cakes.com\\\/#\\\/schema\\\/logo\\\/image\\\/\"}}]}<\/script>\n<!-- \/ Yoast SEO plugin. -->","yoast_head_json":{"title":"Mini Quiches - Love4Cakes","robots":{"index":"index","follow":"follow","max-snippet":"max-snippet:-1","max-image-preview":"max-image-preview:large","max-video-preview":"max-video-preview:-1"},"canonical":"https:\/\/love4cakes.com\/en\/product\/mini-quiches\/","og_locale":"en_US","og_type":"article","og_title":"Mini Quiches - Love4Cakes","og_description":"Pastel salado de origen franc\u00e9s que consiste en una crujiente masa quebrada rellena de una base de huevo y nata, acompa\u00f1ada de otros ingredientes especiales de los que salen nuestras combinaciones sensacionales: Pollo al romero, champi\u00f1\u00f3n y jam\u00f3n o tocineta y miel. Pueden servirse como entrantes o como pasabocas en cualquier evento o celebraci\u00f3n. Cantidad m\u00ednima: 20 unidades.","og_url":"https:\/\/love4cakes.com\/en\/product\/mini-quiches\/","og_site_name":"Love4Cakes","article_modified_time":"2024-07-16T01:45:27+00:00","og_image":[{"width":500,"height":500,"url":"https:\/\/love4cakes.com\/wp-content\/uploads\/2024\/06\/59.jpg","type":"image\/jpeg"}],"twitter_card":"summary_large_image","twitter_misc":{"Est. reading time":"1 minute"},"schema":{"@context":"https:\/\/schema.org","@graph":[{"@type":"WebPage","@id":"https:\/\/love4cakes.com\/product\/mini-quiches\/","url":"https:\/\/love4cakes.com\/product\/mini-quiches\/","name":"Mini Quiches - Love4Cakes","isPartOf":{"@id":"https:\/\/love4cakes.com\/#website"},"primaryImageOfPage":{"@id":"https:\/\/love4cakes.com\/product\/mini-quiches\/#primaryimage"},"image":{"@id":"https:\/\/love4cakes.com\/product\/mini-quiches\/#primaryimage"},"thumbnailUrl":"https:\/\/i0.wp.com\/love4cakes.com\/wp-content\/uploads\/2024\/06\/59.jpg?fit=500%2C500&ssl=1","datePublished":"2024-06-03T14:17:00+00:00","dateModified":"2024-07-16T01:45:27+00:00","breadcrumb":{"@id":"https:\/\/love4cakes.com\/product\/mini-quiches\/#breadcrumb"},"inLanguage":"en-US","potentialAction":[{"@type":"ReadAction","target":["https:\/\/love4cakes.com\/product\/mini-quiches\/"]}]},{"@type":"ImageObject","inLanguage":"en-US","@id":"https:\/\/love4cakes.com\/product\/mini-quiches\/#primaryimage","url":"https:\/\/i0.wp.com\/love4cakes.com\/wp-content\/uploads\/2024\/06\/59.jpg?fit=500%2C500&ssl=1","contentUrl":"https:\/\/i0.wp.com\/love4cakes.com\/wp-content\/uploads\/2024\/06\/59.jpg?fit=500%2C500&ssl=1","width":500,"height":500,"caption":"Mini Quiche"},{"@type":"BreadcrumbList","@id":"https:\/\/love4cakes.com\/product\/mini-quiches\/#breadcrumb","itemListElement":[{"@type":"ListItem","position":1,"name":"Portada","item":"https:\/\/love4cakes.com\/"},{"@type":"ListItem","position":2,"name":"Pasteler\u00eda","item":"https:\/\/love4cakes.com\/shop\/"},{"@type":"ListItem","position":3,"name":"Mini Quiches"}]},{"@type":"WebSite","@id":"https:\/\/love4cakes.com\/#website","url":"https:\/\/love4cakes.com\/","name":"Love4Cakes","description":"Pasteler&iacute;a Artesanal","publisher":{"@id":"https:\/\/love4cakes.com\/#organization"},"potentialAction":[{"@type":"SearchAction","target":{"@type":"EntryPoint","urlTemplate":"https:\/\/love4cakes.com\/?s={search_term_string}"},"query-input":{"@type":"PropertyValueSpecification","valueRequired":true,"valueName":"search_term_string"}}],"inLanguage":"en-US"},{"@type":"Organization","@id":"https:\/\/love4cakes.com\/#organization","name":"Love4Cakes","url":"https:\/\/love4cakes.com\/","logo":{"@type":"ImageObject","inLanguage":"en-US","@id":"https:\/\/love4cakes.com\/#\/schema\/logo\/image\/","url":"https:\/\/love4cakes.com\/wp-content\/uploads\/2024\/05\/cropped-LogosVOL2-09.png","contentUrl":"https:\/\/love4cakes.com\/wp-content\/uploads\/2024\/05\/cropped-LogosVOL2-09.png","width":512,"height":512,"caption":"Love4Cakes"},"image":{"@id":"https:\/\/love4cakes.com\/#\/schema\/logo\/image\/"}}]}},"uagb_featured_image_src":{"full":["https:\/\/i0.wp.com\/love4cakes.com\/wp-content\/uploads\/2024\/06\/59.jpg?fit=500%2C500&ssl=1",500,500,false],"thumbnail":["https:\/\/i0.wp.com\/love4cakes.com\/wp-content\/uploads\/2024\/06\/59.jpg?resize=150%2C150&ssl=1",150,150,true],"medium":["https:\/\/i0.wp.com\/love4cakes.com\/wp-content\/uploads\/2024\/06\/59.jpg?fit=300%2C300&ssl=1",300,300,true],"medium_large":["https:\/\/i0.wp.com\/love4cakes.com\/wp-content\/uploads\/2024\/06\/59.jpg?fit=500%2C500&ssl=1",500,500,true],"large":["https:\/\/i0.wp.com\/love4cakes.com\/wp-content\/uploads\/2024\/06\/59.jpg?fit=500%2C500&ssl=1",500,500,true],"1536x1536":["https:\/\/i0.wp.com\/love4cakes.com\/wp-content\/uploads\/2024\/06\/59.jpg?fit=500%2C500&ssl=1",500,500,true],"2048x2048":["https:\/\/i0.wp.com\/love4cakes.com\/wp-content\/uploads\/2024\/06\/59.jpg?fit=500%2C500&ssl=1",500,500,true],"trp-custom-language-flag":["https:\/\/i0.wp.com\/love4cakes.com\/wp-content\/uploads\/2024\/06\/59.jpg?fit=12%2C12&ssl=1",12,12,true],"neve-blog":["https:\/\/i0.wp.com\/love4cakes.com\/wp-content\/uploads\/2024\/06\/59.jpg?resize=500%2C500&ssl=1",500,500,true],"woocommerce_thumbnail":["https:\/\/i0.wp.com\/love4cakes.com\/wp-content\/uploads\/2024\/06\/59.jpg?resize=300%2C300&ssl=1",300,300,true],"woocommerce_single":["https:\/\/i0.wp.com\/love4cakes.com\/wp-content\/uploads\/2024\/06\/59.jpg?fit=500%2C500&ssl=1",500,500,true],"woocommerce_gallery_thumbnail":["https:\/\/i0.wp.com\/love4cakes.com\/wp-content\/uploads\/2024\/06\/59.jpg?resize=100%2C100&ssl=1",100,100,true]},"uagb_author_info":{"display_name":"Marco Antonio Del Olmo","author_link":"https:\/\/love4cakes.com\/en\/author\/"},"uagb_comment_info":0,"uagb_excerpt":"Pastel salado de origen franc\u00e9s que consiste en una crujiente masa quebrada rellena de una base de huevo y nata, acompa\u00f1ada de otros ingredientes especiales de los que salen nuestras combinaciones sensacionales: Pollo al romero, champi\u00f1\u00f3n y jam\u00f3n o tocineta y miel. Pueden servirse como entrantes o como pasabocas en cualquier evento o celebraci\u00f3n. Cantidad&hellip;","_links":{"self":[{"href":"https:\/\/love4cakes.com\/en\/wp-json\/wp\/v2\/product\/1212","targetHints":{"allow":["GET"]}}],"collection":[{"href":"https:\/\/love4cakes.com\/en\/wp-json\/wp\/v2\/product"}],"about":[{"href":"https:\/\/love4cakes.com\/en\/wp-json\/wp\/v2\/types\/product"}],"replies":[{"embeddable":true,"href":"https:\/\/love4cakes.com\/en\/wp-json\/wp\/v2\/comments?post=1212"}],"wp:featuredmedia":[{"embeddable":true,"href":"https:\/\/love4cakes.com\/en\/wp-json\/wp\/v2\/media\/1222"}],"wp:attachment":[{"href":"https:\/\/love4cakes.com\/en\/wp-json\/wp\/v2\/media?parent=1212"}],"wp:term":[{"taxonomy":"product_brand","embeddable":true,"href":"https:\/\/love4cakes.com\/en\/wp-json\/wp\/v2\/product_brand?post=1212"},{"taxonomy":"product_cat","embeddable":true,"href":"https:\/\/love4cakes.com\/en\/wp-json\/wp\/v2\/product_cat?post=1212"},{"taxonomy":"product_tag","embeddable":true,"href":"https:\/\/love4cakes.com\/en\/wp-json\/wp\/v2\/product_tag?post=1212"}],"curies":[{"name":"wp","href":"https:\/\/api.w.org\/{rel}","templated":true}]}}