{"id":1196,"date":"2024-06-03T14:00:29","date_gmt":"2024-06-03T14:00:29","guid":{"rendered":"https:\/\/love4cakes.com\/?post_type=product&#038;p=1196"},"modified":"2024-06-25T16:34:09","modified_gmt":"2024-06-25T16:34:09","slug":"macarons-de-dulce","status":"publish","type":"product","link":"https:\/\/love4cakes.com\/en\/product\/macarons-de-dulce\/","title":{"rendered":"Sweet macarons"},"content":{"rendered":"<p>Enjoy the perfect combination between the subtlety of the macaron and the deliciousness of dulce de leche, which complement each other perfectly to create an unmatched flavor experience. <strong>Minimum quantity: 15 units.<\/strong><\/p>","protected":false},"excerpt":{"rendered":"<p>Enjoy the perfect combination between the subtlety of the macaron and the deliciousness of dulce de leche, which complement each other perfectly to create an unmatched flavor experience. <strong>Minimum quantity: 15 units.<\/strong><\/p>","protected":false},"featured_media":1286,"comment_status":"open","ping_status":"closed","template":"","meta":{"_uag_custom_page_level_css":"","neve_meta_sidebar":"","neve_meta_container":"","neve_meta_enable_content_width":"off","neve_meta_content_width":100,"neve_meta_title_alignment":"","neve_meta_author_avatar":"","neve_post_elements_order":"","neve_meta_disable_header":"","neve_meta_disable_footer":"","neve_meta_disable_title":"","_themeisle_gutenberg_block_has_review":false,"_joinchat":[]},"product_brand":[],"product_cat":[15,24,26],"product_tag":[36,29,30],"class_list":{"0":"post-1196","1":"product","2":"type-product","3":"status-publish","4":"has-post-thumbnail","6":"product_cat-todos-los-productos","7":"product_cat-postres","8":"product_cat-regalos","9":"product_tag-empresa","10":"product_tag-eventos","11":"product_tag-regalos","13":"first","14":"instock","15":"taxable","16":"shipping-taxable","17":"purchasable","18":"product-type-simple"},"yoast_head":"<!-- This site is optimized with the Yoast SEO plugin v27.4 - https:\/\/yoast.com\/product\/yoast-seo-wordpress\/ -->\n<title>Macarons de dulce - Love4Cakes<\/title>\n<meta name=\"robots\" content=\"index, follow, max-snippet:-1, max-image-preview:large, max-video-preview:-1\" \/>\n<link rel=\"canonical\" href=\"https:\/\/love4cakes.com\/en\/product\/macarons-de-dulce\/\" \/>\n<meta property=\"og:locale\" content=\"en_US\" \/>\n<meta property=\"og:type\" content=\"article\" \/>\n<meta property=\"og:title\" content=\"Macarons de dulce - Love4Cakes\" \/>\n<meta property=\"og:description\" content=\"Disfruta de la combinaci\u00f3n perfecta entre la sutileza del macaron y la delicia del dulce de leche, que se complementan a la perfecci\u00f3n para crear una experiencia de sabor inigualable. Cantidad m\u00ednima: 15 unidades.\" \/>\n<meta property=\"og:url\" content=\"https:\/\/love4cakes.com\/en\/product\/macarons-de-dulce\/\" \/>\n<meta property=\"og:site_name\" content=\"Love4Cakes\" \/>\n<meta property=\"article:modified_time\" content=\"2024-06-25T16:34:09+00:00\" \/>\n<meta property=\"og:image\" content=\"https:\/\/i0.wp.com\/love4cakes.com\/wp-content\/uploads\/2024\/06\/colors.jpg?fit=500%2C500&ssl=1\" \/>\n\t<meta property=\"og:image:width\" content=\"500\" \/>\n\t<meta property=\"og:image:height\" content=\"500\" \/>\n\t<meta property=\"og:image:type\" content=\"image\/jpeg\" \/>\n<meta name=\"twitter:card\" content=\"summary_large_image\" \/>\n<script type=\"application\/ld+json\" class=\"yoast-schema-graph\">{\"@context\":\"https:\\\/\\\/schema.org\",\"@graph\":[{\"@type\":\"WebPage\",\"@id\":\"https:\\\/\\\/love4cakes.com\\\/product\\\/macarons-de-dulce\\\/\",\"url\":\"https:\\\/\\\/love4cakes.com\\\/product\\\/macarons-de-dulce\\\/\",\"name\":\"Macarons de dulce - Love4Cakes\",\"isPartOf\":{\"@id\":\"https:\\\/\\\/love4cakes.com\\\/#website\"},\"primaryImageOfPage\":{\"@id\":\"https:\\\/\\\/love4cakes.com\\\/product\\\/macarons-de-dulce\\\/#primaryimage\"},\"image\":{\"@id\":\"https:\\\/\\\/love4cakes.com\\\/product\\\/macarons-de-dulce\\\/#primaryimage\"},\"thumbnailUrl\":\"https:\\\/\\\/i0.wp.com\\\/love4cakes.com\\\/wp-content\\\/uploads\\\/2024\\\/06\\\/colors.jpg?fit=500%2C500&ssl=1\",\"datePublished\":\"2024-06-03T14:00:29+00:00\",\"dateModified\":\"2024-06-25T16:34:09+00:00\",\"breadcrumb\":{\"@id\":\"https:\\\/\\\/love4cakes.com\\\/product\\\/macarons-de-dulce\\\/#breadcrumb\"},\"inLanguage\":\"en-US\",\"potentialAction\":[{\"@type\":\"ReadAction\",\"target\":[\"https:\\\/\\\/love4cakes.com\\\/product\\\/macarons-de-dulce\\\/\"]}]},{\"@type\":\"ImageObject\",\"inLanguage\":\"en-US\",\"@id\":\"https:\\\/\\\/love4cakes.com\\\/product\\\/macarons-de-dulce\\\/#primaryimage\",\"url\":\"https:\\\/\\\/i0.wp.com\\\/love4cakes.com\\\/wp-content\\\/uploads\\\/2024\\\/06\\\/colors.jpg?fit=500%2C500&ssl=1\",\"contentUrl\":\"https:\\\/\\\/i0.wp.com\\\/love4cakes.com\\\/wp-content\\\/uploads\\\/2024\\\/06\\\/colors.jpg?fit=500%2C500&ssl=1\",\"width\":500,\"height\":500,\"caption\":\"Macarons de dulce Colores\"},{\"@type\":\"BreadcrumbList\",\"@id\":\"https:\\\/\\\/love4cakes.com\\\/product\\\/macarons-de-dulce\\\/#breadcrumb\",\"itemListElement\":[{\"@type\":\"ListItem\",\"position\":1,\"name\":\"Portada\",\"item\":\"https:\\\/\\\/love4cakes.com\\\/\"},{\"@type\":\"ListItem\",\"position\":2,\"name\":\"Pasteler\u00eda\",\"item\":\"https:\\\/\\\/love4cakes.com\\\/shop\\\/\"},{\"@type\":\"ListItem\",\"position\":3,\"name\":\"Macarons de dulce\"}]},{\"@type\":\"WebSite\",\"@id\":\"https:\\\/\\\/love4cakes.com\\\/#website\",\"url\":\"https:\\\/\\\/love4cakes.com\\\/\",\"name\":\"Love4Cakes\",\"description\":\"Pasteler&iacute;a Artesanal\",\"publisher\":{\"@id\":\"https:\\\/\\\/love4cakes.com\\\/#organization\"},\"potentialAction\":[{\"@type\":\"SearchAction\",\"target\":{\"@type\":\"EntryPoint\",\"urlTemplate\":\"https:\\\/\\\/love4cakes.com\\\/?s={search_term_string}\"},\"query-input\":{\"@type\":\"PropertyValueSpecification\",\"valueRequired\":true,\"valueName\":\"search_term_string\"}}],\"inLanguage\":\"en-US\"},{\"@type\":\"Organization\",\"@id\":\"https:\\\/\\\/love4cakes.com\\\/#organization\",\"name\":\"Love4Cakes\",\"url\":\"https:\\\/\\\/love4cakes.com\\\/\",\"logo\":{\"@type\":\"ImageObject\",\"inLanguage\":\"en-US\",\"@id\":\"https:\\\/\\\/love4cakes.com\\\/#\\\/schema\\\/logo\\\/image\\\/\",\"url\":\"https:\\\/\\\/love4cakes.com\\\/wp-content\\\/uploads\\\/2024\\\/05\\\/cropped-LogosVOL2-09.png\",\"contentUrl\":\"https:\\\/\\\/love4cakes.com\\\/wp-content\\\/uploads\\\/2024\\\/05\\\/cropped-LogosVOL2-09.png\",\"width\":512,\"height\":512,\"caption\":\"Love4Cakes\"},\"image\":{\"@id\":\"https:\\\/\\\/love4cakes.com\\\/#\\\/schema\\\/logo\\\/image\\\/\"}}]}<\/script>\n<!-- \/ Yoast SEO plugin. -->","yoast_head_json":{"title":"Macarons de dulce - Love4Cakes","robots":{"index":"index","follow":"follow","max-snippet":"max-snippet:-1","max-image-preview":"max-image-preview:large","max-video-preview":"max-video-preview:-1"},"canonical":"https:\/\/love4cakes.com\/en\/product\/macarons-de-dulce\/","og_locale":"en_US","og_type":"article","og_title":"Macarons de dulce - Love4Cakes","og_description":"Disfruta de la combinaci\u00f3n perfecta entre la sutileza del macaron y la delicia del dulce de leche, que se complementan a la perfecci\u00f3n para crear una experiencia de sabor inigualable. Cantidad m\u00ednima: 15 unidades.","og_url":"https:\/\/love4cakes.com\/en\/product\/macarons-de-dulce\/","og_site_name":"Love4Cakes","article_modified_time":"2024-06-25T16:34:09+00:00","og_image":[{"width":500,"height":500,"url":"https:\/\/i0.wp.com\/love4cakes.com\/wp-content\/uploads\/2024\/06\/colors.jpg?fit=500%2C500&ssl=1","type":"image\/jpeg"}],"twitter_card":"summary_large_image","schema":{"@context":"https:\/\/schema.org","@graph":[{"@type":"WebPage","@id":"https:\/\/love4cakes.com\/product\/macarons-de-dulce\/","url":"https:\/\/love4cakes.com\/product\/macarons-de-dulce\/","name":"Macarons de dulce - Love4Cakes","isPartOf":{"@id":"https:\/\/love4cakes.com\/#website"},"primaryImageOfPage":{"@id":"https:\/\/love4cakes.com\/product\/macarons-de-dulce\/#primaryimage"},"image":{"@id":"https:\/\/love4cakes.com\/product\/macarons-de-dulce\/#primaryimage"},"thumbnailUrl":"https:\/\/i0.wp.com\/love4cakes.com\/wp-content\/uploads\/2024\/06\/colors.jpg?fit=500%2C500&ssl=1","datePublished":"2024-06-03T14:00:29+00:00","dateModified":"2024-06-25T16:34:09+00:00","breadcrumb":{"@id":"https:\/\/love4cakes.com\/product\/macarons-de-dulce\/#breadcrumb"},"inLanguage":"en-US","potentialAction":[{"@type":"ReadAction","target":["https:\/\/love4cakes.com\/product\/macarons-de-dulce\/"]}]},{"@type":"ImageObject","inLanguage":"en-US","@id":"https:\/\/love4cakes.com\/product\/macarons-de-dulce\/#primaryimage","url":"https:\/\/i0.wp.com\/love4cakes.com\/wp-content\/uploads\/2024\/06\/colors.jpg?fit=500%2C500&ssl=1","contentUrl":"https:\/\/i0.wp.com\/love4cakes.com\/wp-content\/uploads\/2024\/06\/colors.jpg?fit=500%2C500&ssl=1","width":500,"height":500,"caption":"Macarons de dulce Colores"},{"@type":"BreadcrumbList","@id":"https:\/\/love4cakes.com\/product\/macarons-de-dulce\/#breadcrumb","itemListElement":[{"@type":"ListItem","position":1,"name":"Portada","item":"https:\/\/love4cakes.com\/"},{"@type":"ListItem","position":2,"name":"Pasteler\u00eda","item":"https:\/\/love4cakes.com\/shop\/"},{"@type":"ListItem","position":3,"name":"Macarons de dulce"}]},{"@type":"WebSite","@id":"https:\/\/love4cakes.com\/#website","url":"https:\/\/love4cakes.com\/","name":"Love4Cakes","description":"Pasteler&iacute;a Artesanal","publisher":{"@id":"https:\/\/love4cakes.com\/#organization"},"potentialAction":[{"@type":"SearchAction","target":{"@type":"EntryPoint","urlTemplate":"https:\/\/love4cakes.com\/?s={search_term_string}"},"query-input":{"@type":"PropertyValueSpecification","valueRequired":true,"valueName":"search_term_string"}}],"inLanguage":"en-US"},{"@type":"Organization","@id":"https:\/\/love4cakes.com\/#organization","name":"Love4Cakes","url":"https:\/\/love4cakes.com\/","logo":{"@type":"ImageObject","inLanguage":"en-US","@id":"https:\/\/love4cakes.com\/#\/schema\/logo\/image\/","url":"https:\/\/love4cakes.com\/wp-content\/uploads\/2024\/05\/cropped-LogosVOL2-09.png","contentUrl":"https:\/\/love4cakes.com\/wp-content\/uploads\/2024\/05\/cropped-LogosVOL2-09.png","width":512,"height":512,"caption":"Love4Cakes"},"image":{"@id":"https:\/\/love4cakes.com\/#\/schema\/logo\/image\/"}}]}},"uagb_featured_image_src":{"full":["https:\/\/i0.wp.com\/love4cakes.com\/wp-content\/uploads\/2024\/06\/colors.jpg?fit=500%2C500&ssl=1",500,500,false],"thumbnail":["https:\/\/i0.wp.com\/love4cakes.com\/wp-content\/uploads\/2024\/06\/colors.jpg?resize=150%2C150&ssl=1",150,150,true],"medium":["https:\/\/i0.wp.com\/love4cakes.com\/wp-content\/uploads\/2024\/06\/colors.jpg?fit=300%2C300&ssl=1",300,300,true],"medium_large":["https:\/\/i0.wp.com\/love4cakes.com\/wp-content\/uploads\/2024\/06\/colors.jpg?fit=500%2C500&ssl=1",500,500,true],"large":["https:\/\/i0.wp.com\/love4cakes.com\/wp-content\/uploads\/2024\/06\/colors.jpg?fit=500%2C500&ssl=1",500,500,true],"1536x1536":["https:\/\/i0.wp.com\/love4cakes.com\/wp-content\/uploads\/2024\/06\/colors.jpg?fit=500%2C500&ssl=1",500,500,true],"2048x2048":["https:\/\/i0.wp.com\/love4cakes.com\/wp-content\/uploads\/2024\/06\/colors.jpg?fit=500%2C500&ssl=1",500,500,true],"trp-custom-language-flag":["https:\/\/i0.wp.com\/love4cakes.com\/wp-content\/uploads\/2024\/06\/colors.jpg?fit=12%2C12&ssl=1",12,12,true],"neve-blog":["https:\/\/i0.wp.com\/love4cakes.com\/wp-content\/uploads\/2024\/06\/colors.jpg?resize=500%2C500&ssl=1",500,500,true],"woocommerce_thumbnail":["https:\/\/i0.wp.com\/love4cakes.com\/wp-content\/uploads\/2024\/06\/colors.jpg?resize=300%2C300&ssl=1",300,300,true],"woocommerce_single":["https:\/\/i0.wp.com\/love4cakes.com\/wp-content\/uploads\/2024\/06\/colors.jpg?fit=500%2C500&ssl=1",500,500,true],"woocommerce_gallery_thumbnail":["https:\/\/i0.wp.com\/love4cakes.com\/wp-content\/uploads\/2024\/06\/colors.jpg?resize=100%2C100&ssl=1",100,100,true]},"uagb_author_info":{"display_name":"Marco Antonio Del Olmo","author_link":"https:\/\/love4cakes.com\/en\/author\/"},"uagb_comment_info":0,"uagb_excerpt":"Disfruta de la combinaci\u00f3n perfecta entre la sutileza del macaron y la delicia del dulce de leche, que se complementan a la perfecci\u00f3n para crear una experiencia de sabor inigualable. Cantidad m\u00ednima: 15 unidades.","_links":{"self":[{"href":"https:\/\/love4cakes.com\/en\/wp-json\/wp\/v2\/product\/1196","targetHints":{"allow":["GET"]}}],"collection":[{"href":"https:\/\/love4cakes.com\/en\/wp-json\/wp\/v2\/product"}],"about":[{"href":"https:\/\/love4cakes.com\/en\/wp-json\/wp\/v2\/types\/product"}],"replies":[{"embeddable":true,"href":"https:\/\/love4cakes.com\/en\/wp-json\/wp\/v2\/comments?post=1196"}],"wp:featuredmedia":[{"embeddable":true,"href":"https:\/\/love4cakes.com\/en\/wp-json\/wp\/v2\/media\/1286"}],"wp:attachment":[{"href":"https:\/\/love4cakes.com\/en\/wp-json\/wp\/v2\/media?parent=1196"}],"wp:term":[{"taxonomy":"product_brand","embeddable":true,"href":"https:\/\/love4cakes.com\/en\/wp-json\/wp\/v2\/product_brand?post=1196"},{"taxonomy":"product_cat","embeddable":true,"href":"https:\/\/love4cakes.com\/en\/wp-json\/wp\/v2\/product_cat?post=1196"},{"taxonomy":"product_tag","embeddable":true,"href":"https:\/\/love4cakes.com\/en\/wp-json\/wp\/v2\/product_tag?post=1196"}],"curies":[{"name":"wp","href":"https:\/\/api.w.org\/{rel}","templated":true}]}}