{"id":1079,"date":"2024-06-03T12:19:00","date_gmt":"2024-06-03T12:19:00","guid":{"rendered":"https:\/\/love4cakes.com\/?post_type=product&#038;p=1079"},"modified":"2025-04-27T21:52:13","modified_gmt":"2025-04-27T21:52:13","slug":"bundt-cakes","status":"publish","type":"product","link":"https:\/\/love4cakes.com\/en\/product\/bundt-cakes\/","title":{"rendered":"Bundt Cakes"},"content":{"rendered":"<p>Tortas en forma de corona que se caracterizan por su horneado uniforme y su humedad. Vivir\u00e1s una experiencia de texturas entre su miga suave y su corteza crocante. Los moldes son coronas de diferentes tipos, lo que permite una decoraci\u00f3n sencilla para acompa\u00f1ar todos tus eventos y celebraciones, d\u00e1ndole un toque especial a tu mesa. Podr\u00e1s escoger tu sabor favorito: fresas con crema, manzana y nueces, zanahoria y pralin\u00e9 y chocolate con nueces o dulce de leche.<\/p>","protected":false},"excerpt":{"rendered":"<p>Tortas en forma de corona que se caracterizan por su horneado uniforme y su humedad. Vivir\u00e1s una experiencia de texturas entre su miga suave y su corteza crocante. Los moldes son coronas de diferentes tipos, lo que permite una decoraci\u00f3n sencilla para acompa\u00f1ar todos tus eventos y celebraciones, d\u00e1ndole un toque especial a tu mesa. Podr\u00e1s escoger tu sabor favorito: fresas con crema, manzana y nueces, zanahoria y pralin\u00e9 y chocolate con nueces o dulce de leche.<\/p>","protected":false},"featured_media":1094,"comment_status":"open","ping_status":"closed","template":"","meta":{"_uag_custom_page_level_css":"","neve_meta_sidebar":"","neve_meta_container":"","neve_meta_enable_content_width":"off","neve_meta_content_width":100,"neve_meta_title_alignment":"","neve_meta_author_avatar":"","neve_post_elements_order":"","neve_meta_disable_header":"","neve_meta_disable_footer":"","neve_meta_disable_title":"","_themeisle_gutenberg_block_has_review":false,"_joinchat":[]},"product_brand":[],"product_cat":[15,26,23],"product_tag":[29,28,30],"class_list":{"0":"post-1079","1":"product","2":"type-product","3":"status-publish","4":"has-post-thumbnail","6":"product_cat-todos-los-productos","7":"product_cat-regalos","8":"product_cat-tortas","9":"product_tag-eventos","10":"product_tag-pasteleria","11":"product_tag-regalos","13":"first","14":"instock","15":"taxable","16":"shipping-taxable","17":"purchasable","18":"product-type-variable"},"yoast_head":"<!-- This site is optimized with the Yoast SEO plugin v27.4 - https:\/\/yoast.com\/product\/yoast-seo-wordpress\/ -->\n<title>Bundt Cakes - Love4Cakes<\/title>\n<meta name=\"robots\" content=\"index, follow, max-snippet:-1, max-image-preview:large, max-video-preview:-1\" \/>\n<link rel=\"canonical\" href=\"https:\/\/love4cakes.com\/en\/product\/bundt-cakes\/\" \/>\n<meta property=\"og:locale\" content=\"en_US\" \/>\n<meta property=\"og:type\" content=\"article\" \/>\n<meta property=\"og:title\" content=\"Bundt Cakes - Love4Cakes\" \/>\n<meta property=\"og:description\" content=\"Tortas en forma de corona que se caracterizan por su horneado uniforme y su humedad. Vivir\u00e1s una experiencia de texturas entre su miga suave y su corteza crocante. Los moldes son coronas de diferentes tipos, lo que permite una decoraci\u00f3n sencilla para acompa\u00f1ar todos tus eventos y celebraciones, d\u00e1ndole un toque especial a tu mesa. Podr\u00e1s escoger tu sabor favorito: fresas con crema, manzana y nueces, zanahoria y pralin\u00e9 y chocolate con nueces o dulce de leche.\" \/>\n<meta property=\"og:url\" content=\"https:\/\/love4cakes.com\/en\/product\/bundt-cakes\/\" \/>\n<meta property=\"og:site_name\" content=\"Love4Cakes\" \/>\n<meta property=\"article:modified_time\" content=\"2025-04-27T21:52:13+00:00\" \/>\n<meta property=\"og:image\" content=\"https:\/\/love4cakes.com\/wp-content\/uploads\/2024\/06\/18.jpg\" \/>\n\t<meta property=\"og:image:width\" content=\"500\" \/>\n\t<meta property=\"og:image:height\" content=\"500\" \/>\n\t<meta property=\"og:image:type\" content=\"image\/jpeg\" \/>\n<meta name=\"twitter:card\" content=\"summary_large_image\" \/>\n<meta name=\"twitter:label1\" content=\"Est. reading time\" \/>\n\t<meta name=\"twitter:data1\" content=\"1 minute\" \/>\n<script type=\"application\/ld+json\" class=\"yoast-schema-graph\">{\"@context\":\"https:\\\/\\\/schema.org\",\"@graph\":[{\"@type\":\"WebPage\",\"@id\":\"https:\\\/\\\/love4cakes.com\\\/product\\\/bundt-cakes\\\/\",\"url\":\"https:\\\/\\\/love4cakes.com\\\/product\\\/bundt-cakes\\\/\",\"name\":\"Bundt Cakes - Love4Cakes\",\"isPartOf\":{\"@id\":\"https:\\\/\\\/love4cakes.com\\\/#website\"},\"primaryImageOfPage\":{\"@id\":\"https:\\\/\\\/love4cakes.com\\\/product\\\/bundt-cakes\\\/#primaryimage\"},\"image\":{\"@id\":\"https:\\\/\\\/love4cakes.com\\\/product\\\/bundt-cakes\\\/#primaryimage\"},\"thumbnailUrl\":\"https:\\\/\\\/i0.wp.com\\\/love4cakes.com\\\/wp-content\\\/uploads\\\/2024\\\/06\\\/18.jpg?fit=500%2C500&ssl=1\",\"datePublished\":\"2024-06-03T12:19:00+00:00\",\"dateModified\":\"2025-04-27T21:52:13+00:00\",\"breadcrumb\":{\"@id\":\"https:\\\/\\\/love4cakes.com\\\/product\\\/bundt-cakes\\\/#breadcrumb\"},\"inLanguage\":\"en-US\",\"potentialAction\":[{\"@type\":\"ReadAction\",\"target\":[\"https:\\\/\\\/love4cakes.com\\\/product\\\/bundt-cakes\\\/\"]}]},{\"@type\":\"ImageObject\",\"inLanguage\":\"en-US\",\"@id\":\"https:\\\/\\\/love4cakes.com\\\/product\\\/bundt-cakes\\\/#primaryimage\",\"url\":\"https:\\\/\\\/i0.wp.com\\\/love4cakes.com\\\/wp-content\\\/uploads\\\/2024\\\/06\\\/18.jpg?fit=500%2C500&ssl=1\",\"contentUrl\":\"https:\\\/\\\/i0.wp.com\\\/love4cakes.com\\\/wp-content\\\/uploads\\\/2024\\\/06\\\/18.jpg?fit=500%2C500&ssl=1\",\"width\":500,\"height\":500,\"caption\":\"BundtCake Chocolate\"},{\"@type\":\"BreadcrumbList\",\"@id\":\"https:\\\/\\\/love4cakes.com\\\/product\\\/bundt-cakes\\\/#breadcrumb\",\"itemListElement\":[{\"@type\":\"ListItem\",\"position\":1,\"name\":\"Portada\",\"item\":\"https:\\\/\\\/love4cakes.com\\\/\"},{\"@type\":\"ListItem\",\"position\":2,\"name\":\"Pasteler\u00eda\",\"item\":\"https:\\\/\\\/love4cakes.com\\\/shop\\\/\"},{\"@type\":\"ListItem\",\"position\":3,\"name\":\"Bundt Cakes\"}]},{\"@type\":\"WebSite\",\"@id\":\"https:\\\/\\\/love4cakes.com\\\/#website\",\"url\":\"https:\\\/\\\/love4cakes.com\\\/\",\"name\":\"Love4Cakes\",\"description\":\"Pasteler&iacute;a Artesanal\",\"publisher\":{\"@id\":\"https:\\\/\\\/love4cakes.com\\\/#organization\"},\"potentialAction\":[{\"@type\":\"SearchAction\",\"target\":{\"@type\":\"EntryPoint\",\"urlTemplate\":\"https:\\\/\\\/love4cakes.com\\\/?s={search_term_string}\"},\"query-input\":{\"@type\":\"PropertyValueSpecification\",\"valueRequired\":true,\"valueName\":\"search_term_string\"}}],\"inLanguage\":\"en-US\"},{\"@type\":\"Organization\",\"@id\":\"https:\\\/\\\/love4cakes.com\\\/#organization\",\"name\":\"Love4Cakes\",\"url\":\"https:\\\/\\\/love4cakes.com\\\/\",\"logo\":{\"@type\":\"ImageObject\",\"inLanguage\":\"en-US\",\"@id\":\"https:\\\/\\\/love4cakes.com\\\/#\\\/schema\\\/logo\\\/image\\\/\",\"url\":\"https:\\\/\\\/love4cakes.com\\\/wp-content\\\/uploads\\\/2024\\\/05\\\/cropped-LogosVOL2-09.png\",\"contentUrl\":\"https:\\\/\\\/love4cakes.com\\\/wp-content\\\/uploads\\\/2024\\\/05\\\/cropped-LogosVOL2-09.png\",\"width\":512,\"height\":512,\"caption\":\"Love4Cakes\"},\"image\":{\"@id\":\"https:\\\/\\\/love4cakes.com\\\/#\\\/schema\\\/logo\\\/image\\\/\"}}]}<\/script>\n<!-- \/ Yoast SEO plugin. -->","yoast_head_json":{"title":"Bundt Cakes - Love4Cakes","robots":{"index":"index","follow":"follow","max-snippet":"max-snippet:-1","max-image-preview":"max-image-preview:large","max-video-preview":"max-video-preview:-1"},"canonical":"https:\/\/love4cakes.com\/en\/product\/bundt-cakes\/","og_locale":"en_US","og_type":"article","og_title":"Bundt Cakes - Love4Cakes","og_description":"Tortas en forma de corona que se caracterizan por su horneado uniforme y su humedad. Vivir\u00e1s una experiencia de texturas entre su miga suave y su corteza crocante. Los moldes son coronas de diferentes tipos, lo que permite una decoraci\u00f3n sencilla para acompa\u00f1ar todos tus eventos y celebraciones, d\u00e1ndole un toque especial a tu mesa. Podr\u00e1s escoger tu sabor favorito: fresas con crema, manzana y nueces, zanahoria y pralin\u00e9 y chocolate con nueces o dulce de leche.","og_url":"https:\/\/love4cakes.com\/en\/product\/bundt-cakes\/","og_site_name":"Love4Cakes","article_modified_time":"2025-04-27T21:52:13+00:00","og_image":[{"width":500,"height":500,"url":"https:\/\/love4cakes.com\/wp-content\/uploads\/2024\/06\/18.jpg","type":"image\/jpeg"}],"twitter_card":"summary_large_image","twitter_misc":{"Est. reading time":"1 minute"},"schema":{"@context":"https:\/\/schema.org","@graph":[{"@type":"WebPage","@id":"https:\/\/love4cakes.com\/product\/bundt-cakes\/","url":"https:\/\/love4cakes.com\/product\/bundt-cakes\/","name":"Bundt Cakes - Love4Cakes","isPartOf":{"@id":"https:\/\/love4cakes.com\/#website"},"primaryImageOfPage":{"@id":"https:\/\/love4cakes.com\/product\/bundt-cakes\/#primaryimage"},"image":{"@id":"https:\/\/love4cakes.com\/product\/bundt-cakes\/#primaryimage"},"thumbnailUrl":"https:\/\/i0.wp.com\/love4cakes.com\/wp-content\/uploads\/2024\/06\/18.jpg?fit=500%2C500&ssl=1","datePublished":"2024-06-03T12:19:00+00:00","dateModified":"2025-04-27T21:52:13+00:00","breadcrumb":{"@id":"https:\/\/love4cakes.com\/product\/bundt-cakes\/#breadcrumb"},"inLanguage":"en-US","potentialAction":[{"@type":"ReadAction","target":["https:\/\/love4cakes.com\/product\/bundt-cakes\/"]}]},{"@type":"ImageObject","inLanguage":"en-US","@id":"https:\/\/love4cakes.com\/product\/bundt-cakes\/#primaryimage","url":"https:\/\/i0.wp.com\/love4cakes.com\/wp-content\/uploads\/2024\/06\/18.jpg?fit=500%2C500&ssl=1","contentUrl":"https:\/\/i0.wp.com\/love4cakes.com\/wp-content\/uploads\/2024\/06\/18.jpg?fit=500%2C500&ssl=1","width":500,"height":500,"caption":"BundtCake Chocolate"},{"@type":"BreadcrumbList","@id":"https:\/\/love4cakes.com\/product\/bundt-cakes\/#breadcrumb","itemListElement":[{"@type":"ListItem","position":1,"name":"Portada","item":"https:\/\/love4cakes.com\/"},{"@type":"ListItem","position":2,"name":"Pasteler\u00eda","item":"https:\/\/love4cakes.com\/shop\/"},{"@type":"ListItem","position":3,"name":"Bundt Cakes"}]},{"@type":"WebSite","@id":"https:\/\/love4cakes.com\/#website","url":"https:\/\/love4cakes.com\/","name":"Love4Cakes","description":"Pasteler&iacute;a Artesanal","publisher":{"@id":"https:\/\/love4cakes.com\/#organization"},"potentialAction":[{"@type":"SearchAction","target":{"@type":"EntryPoint","urlTemplate":"https:\/\/love4cakes.com\/?s={search_term_string}"},"query-input":{"@type":"PropertyValueSpecification","valueRequired":true,"valueName":"search_term_string"}}],"inLanguage":"en-US"},{"@type":"Organization","@id":"https:\/\/love4cakes.com\/#organization","name":"Love4Cakes","url":"https:\/\/love4cakes.com\/","logo":{"@type":"ImageObject","inLanguage":"en-US","@id":"https:\/\/love4cakes.com\/#\/schema\/logo\/image\/","url":"https:\/\/love4cakes.com\/wp-content\/uploads\/2024\/05\/cropped-LogosVOL2-09.png","contentUrl":"https:\/\/love4cakes.com\/wp-content\/uploads\/2024\/05\/cropped-LogosVOL2-09.png","width":512,"height":512,"caption":"Love4Cakes"},"image":{"@id":"https:\/\/love4cakes.com\/#\/schema\/logo\/image\/"}}]}},"uagb_featured_image_src":{"full":["https:\/\/i0.wp.com\/love4cakes.com\/wp-content\/uploads\/2024\/06\/18.jpg?fit=500%2C500&ssl=1",500,500,false],"thumbnail":["https:\/\/i0.wp.com\/love4cakes.com\/wp-content\/uploads\/2024\/06\/18.jpg?resize=150%2C150&ssl=1",150,150,true],"medium":["https:\/\/i0.wp.com\/love4cakes.com\/wp-content\/uploads\/2024\/06\/18.jpg?fit=300%2C300&ssl=1",300,300,true],"medium_large":["https:\/\/i0.wp.com\/love4cakes.com\/wp-content\/uploads\/2024\/06\/18.jpg?fit=500%2C500&ssl=1",500,500,true],"large":["https:\/\/i0.wp.com\/love4cakes.com\/wp-content\/uploads\/2024\/06\/18.jpg?fit=500%2C500&ssl=1",500,500,true],"1536x1536":["https:\/\/i0.wp.com\/love4cakes.com\/wp-content\/uploads\/2024\/06\/18.jpg?fit=500%2C500&ssl=1",500,500,true],"2048x2048":["https:\/\/i0.wp.com\/love4cakes.com\/wp-content\/uploads\/2024\/06\/18.jpg?fit=500%2C500&ssl=1",500,500,true],"trp-custom-language-flag":["https:\/\/i0.wp.com\/love4cakes.com\/wp-content\/uploads\/2024\/06\/18.jpg?fit=12%2C12&ssl=1",12,12,true],"neve-blog":["https:\/\/i0.wp.com\/love4cakes.com\/wp-content\/uploads\/2024\/06\/18.jpg?resize=500%2C500&ssl=1",500,500,true],"woocommerce_thumbnail":["https:\/\/i0.wp.com\/love4cakes.com\/wp-content\/uploads\/2024\/06\/18.jpg?resize=300%2C300&ssl=1",300,300,true],"woocommerce_single":["https:\/\/i0.wp.com\/love4cakes.com\/wp-content\/uploads\/2024\/06\/18.jpg?fit=500%2C500&ssl=1",500,500,true],"woocommerce_gallery_thumbnail":["https:\/\/i0.wp.com\/love4cakes.com\/wp-content\/uploads\/2024\/06\/18.jpg?resize=100%2C100&ssl=1",100,100,true]},"uagb_author_info":{"display_name":"Marco Antonio Del Olmo","author_link":"https:\/\/love4cakes.com\/en\/author\/"},"uagb_comment_info":7,"uagb_excerpt":"Tortas en forma de corona que se caracterizan por su horneado uniforme y su humedad. Vivir\u00e1s una experiencia de texturas entre su miga suave y su corteza crocante. Los moldes son coronas de diferentes tipos, lo que permite una decoraci\u00f3n sencilla para acompa\u00f1ar todos tus eventos y celebraciones, d\u00e1ndole un toque especial a tu mesa.&hellip;","_links":{"self":[{"href":"https:\/\/love4cakes.com\/en\/wp-json\/wp\/v2\/product\/1079","targetHints":{"allow":["GET"]}}],"collection":[{"href":"https:\/\/love4cakes.com\/en\/wp-json\/wp\/v2\/product"}],"about":[{"href":"https:\/\/love4cakes.com\/en\/wp-json\/wp\/v2\/types\/product"}],"replies":[{"embeddable":true,"href":"https:\/\/love4cakes.com\/en\/wp-json\/wp\/v2\/comments?post=1079"}],"wp:featuredmedia":[{"embeddable":true,"href":"https:\/\/love4cakes.com\/en\/wp-json\/wp\/v2\/media\/1094"}],"wp:attachment":[{"href":"https:\/\/love4cakes.com\/en\/wp-json\/wp\/v2\/media?parent=1079"}],"wp:term":[{"taxonomy":"product_brand","embeddable":true,"href":"https:\/\/love4cakes.com\/en\/wp-json\/wp\/v2\/product_brand?post=1079"},{"taxonomy":"product_cat","embeddable":true,"href":"https:\/\/love4cakes.com\/en\/wp-json\/wp\/v2\/product_cat?post=1079"},{"taxonomy":"product_tag","embeddable":true,"href":"https:\/\/love4cakes.com\/en\/wp-json\/wp\/v2\/product_tag?post=1079"}],"curies":[{"name":"wp","href":"https:\/\/api.w.org\/{rel}","templated":true}]}}