{"id":1021,"date":"2024-06-03T11:07:46","date_gmt":"2024-06-03T11:07:46","guid":{"rendered":"https:\/\/love4cakes.com\/?post_type=product&#038;p=1021"},"modified":"2024-07-09T12:30:45","modified_gmt":"2024-07-09T12:30:45","slug":"cubicakes","status":"publish","type":"product","link":"https:\/\/love4cakes.com\/en\/product\/cubicakes\/","title":{"rendered":"Cubicakes"},"content":{"rendered":"<p>These cubicakes are made of layers of delicious sponge cake, flavored with essences and flavors. This way we will guarantee you an exquisite combination and experience. Accompanied by mousse filling and with a simple and elegant decoration, which will help you give a different gift or to share on a coffee lovers afternoon. You can choose between caramel chocolate, gulupa, red fruit yogurt, vanilla and arequipe or rum cream with pistachio. <strong>Minimum quantity: 10 units.<\/strong><\/p>","protected":false},"excerpt":{"rendered":"<p>These cubicakes are made of layers of delicious sponge cake, flavored with essences and flavors. This way we will guarantee you an exquisite combination and experience. Accompanied by mousse filling and with a simple and elegant decoration, which will help you give a different gift or to share on a coffee lovers afternoon. You can choose between caramel chocolate, gulupa, red fruit yogurt, vanilla and arequipe or rum cream with pistachio. <strong>Minimum quantity: 10 units.<\/strong><\/p>","protected":false},"featured_media":1498,"comment_status":"open","ping_status":"closed","template":"","meta":{"_uag_custom_page_level_css":"","neve_meta_sidebar":"","neve_meta_container":"","neve_meta_enable_content_width":"off","neve_meta_content_width":100,"neve_meta_title_alignment":"","neve_meta_author_avatar":"","neve_post_elements_order":"","neve_meta_disable_header":"","neve_meta_disable_footer":"","neve_meta_disable_title":"","_themeisle_gutenberg_block_has_review":false,"_joinchat":[]},"product_brand":[],"product_cat":[15,26,23],"product_tag":[29,28,30],"class_list":{"0":"post-1021","1":"product","2":"type-product","3":"status-publish","4":"has-post-thumbnail","6":"product_cat-todos-los-productos","7":"product_cat-regalos","8":"product_cat-tortas","9":"product_tag-eventos","10":"product_tag-pasteleria","11":"product_tag-regalos","13":"first","14":"instock","15":"taxable","16":"shipping-taxable","17":"purchasable","18":"product-type-variable","19":"has-default-attributes"},"yoast_head":"<!-- This site is optimized with the Yoast SEO plugin v27.4 - https:\/\/yoast.com\/product\/yoast-seo-wordpress\/ -->\n<title>Cubicakes - Love4Cakes<\/title>\n<meta name=\"robots\" content=\"index, follow, max-snippet:-1, max-image-preview:large, max-video-preview:-1\" \/>\n<link rel=\"canonical\" href=\"https:\/\/love4cakes.com\/en\/product\/cubicakes\/\" \/>\n<meta property=\"og:locale\" content=\"en_US\" \/>\n<meta property=\"og:type\" content=\"article\" \/>\n<meta property=\"og:title\" content=\"Cubicakes - Love4Cakes\" \/>\n<meta property=\"og:description\" content=\"Estos cubicakes est\u00e1n elaborados por capas de delicioso bizcochuelo, aromatizado con esencias y sabores. As\u00ed te garantizaremos una exquisita combinaci\u00f3n y experiencia. Acompa\u00f1ado de relleno de mousses y con una decoraci\u00f3n sencilla y elegante, que te servir\u00e1 para dar un regalo diferente o para compartir en una tarde de coffee lovers. Podr\u00e1s escoger entre chocolate caramel, gulupa, yogurt de frutos rojos, vainilla y arequipe o crema de ron con pistacho. Cantidad m\u00ednima: 10 unidades.\" \/>\n<meta property=\"og:url\" content=\"https:\/\/love4cakes.com\/en\/product\/cubicakes\/\" \/>\n<meta property=\"og:site_name\" content=\"Love4Cakes\" \/>\n<meta property=\"article:modified_time\" content=\"2024-07-09T12:30:45+00:00\" \/>\n<meta property=\"og:image\" content=\"https:\/\/love4cakes.com\/wp-content\/uploads\/2024\/06\/9.jpg\" \/>\n\t<meta property=\"og:image:width\" content=\"600\" \/>\n\t<meta property=\"og:image:height\" content=\"600\" \/>\n\t<meta property=\"og:image:type\" content=\"image\/jpeg\" \/>\n<meta name=\"twitter:card\" content=\"summary_large_image\" \/>\n<meta name=\"twitter:label1\" content=\"Est. reading time\" \/>\n\t<meta name=\"twitter:data1\" content=\"1 minute\" \/>\n<script type=\"application\/ld+json\" class=\"yoast-schema-graph\">{\"@context\":\"https:\\\/\\\/schema.org\",\"@graph\":[{\"@type\":\"WebPage\",\"@id\":\"https:\\\/\\\/love4cakes.com\\\/product\\\/cubicakes\\\/\",\"url\":\"https:\\\/\\\/love4cakes.com\\\/product\\\/cubicakes\\\/\",\"name\":\"Cubicakes - Love4Cakes\",\"isPartOf\":{\"@id\":\"https:\\\/\\\/love4cakes.com\\\/#website\"},\"primaryImageOfPage\":{\"@id\":\"https:\\\/\\\/love4cakes.com\\\/product\\\/cubicakes\\\/#primaryimage\"},\"image\":{\"@id\":\"https:\\\/\\\/love4cakes.com\\\/product\\\/cubicakes\\\/#primaryimage\"},\"thumbnailUrl\":\"https:\\\/\\\/i0.wp.com\\\/love4cakes.com\\\/wp-content\\\/uploads\\\/2024\\\/06\\\/9.jpg?fit=600%2C600&ssl=1\",\"datePublished\":\"2024-06-03T11:07:46+00:00\",\"dateModified\":\"2024-07-09T12:30:45+00:00\",\"breadcrumb\":{\"@id\":\"https:\\\/\\\/love4cakes.com\\\/product\\\/cubicakes\\\/#breadcrumb\"},\"inLanguage\":\"en-US\",\"potentialAction\":[{\"@type\":\"ReadAction\",\"target\":[\"https:\\\/\\\/love4cakes.com\\\/product\\\/cubicakes\\\/\"]}]},{\"@type\":\"ImageObject\",\"inLanguage\":\"en-US\",\"@id\":\"https:\\\/\\\/love4cakes.com\\\/product\\\/cubicakes\\\/#primaryimage\",\"url\":\"https:\\\/\\\/i0.wp.com\\\/love4cakes.com\\\/wp-content\\\/uploads\\\/2024\\\/06\\\/9.jpg?fit=600%2C600&ssl=1\",\"contentUrl\":\"https:\\\/\\\/i0.wp.com\\\/love4cakes.com\\\/wp-content\\\/uploads\\\/2024\\\/06\\\/9.jpg?fit=600%2C600&ssl=1\",\"width\":600,\"height\":600},{\"@type\":\"BreadcrumbList\",\"@id\":\"https:\\\/\\\/love4cakes.com\\\/product\\\/cubicakes\\\/#breadcrumb\",\"itemListElement\":[{\"@type\":\"ListItem\",\"position\":1,\"name\":\"Portada\",\"item\":\"https:\\\/\\\/love4cakes.com\\\/\"},{\"@type\":\"ListItem\",\"position\":2,\"name\":\"Pasteler\u00eda\",\"item\":\"https:\\\/\\\/love4cakes.com\\\/shop\\\/\"},{\"@type\":\"ListItem\",\"position\":3,\"name\":\"Cubicakes\"}]},{\"@type\":\"WebSite\",\"@id\":\"https:\\\/\\\/love4cakes.com\\\/#website\",\"url\":\"https:\\\/\\\/love4cakes.com\\\/\",\"name\":\"Love4Cakes\",\"description\":\"Pasteler&iacute;a Artesanal\",\"publisher\":{\"@id\":\"https:\\\/\\\/love4cakes.com\\\/#organization\"},\"potentialAction\":[{\"@type\":\"SearchAction\",\"target\":{\"@type\":\"EntryPoint\",\"urlTemplate\":\"https:\\\/\\\/love4cakes.com\\\/?s={search_term_string}\"},\"query-input\":{\"@type\":\"PropertyValueSpecification\",\"valueRequired\":true,\"valueName\":\"search_term_string\"}}],\"inLanguage\":\"en-US\"},{\"@type\":\"Organization\",\"@id\":\"https:\\\/\\\/love4cakes.com\\\/#organization\",\"name\":\"Love4Cakes\",\"url\":\"https:\\\/\\\/love4cakes.com\\\/\",\"logo\":{\"@type\":\"ImageObject\",\"inLanguage\":\"en-US\",\"@id\":\"https:\\\/\\\/love4cakes.com\\\/#\\\/schema\\\/logo\\\/image\\\/\",\"url\":\"https:\\\/\\\/love4cakes.com\\\/wp-content\\\/uploads\\\/2024\\\/05\\\/cropped-LogosVOL2-09.png\",\"contentUrl\":\"https:\\\/\\\/love4cakes.com\\\/wp-content\\\/uploads\\\/2024\\\/05\\\/cropped-LogosVOL2-09.png\",\"width\":512,\"height\":512,\"caption\":\"Love4Cakes\"},\"image\":{\"@id\":\"https:\\\/\\\/love4cakes.com\\\/#\\\/schema\\\/logo\\\/image\\\/\"}}]}<\/script>\n<!-- \/ Yoast SEO plugin. -->","yoast_head_json":{"title":"Cubicakes - Love4Cakes","robots":{"index":"index","follow":"follow","max-snippet":"max-snippet:-1","max-image-preview":"max-image-preview:large","max-video-preview":"max-video-preview:-1"},"canonical":"https:\/\/love4cakes.com\/en\/product\/cubicakes\/","og_locale":"en_US","og_type":"article","og_title":"Cubicakes - Love4Cakes","og_description":"Estos cubicakes est\u00e1n elaborados por capas de delicioso bizcochuelo, aromatizado con esencias y sabores. As\u00ed te garantizaremos una exquisita combinaci\u00f3n y experiencia. Acompa\u00f1ado de relleno de mousses y con una decoraci\u00f3n sencilla y elegante, que te servir\u00e1 para dar un regalo diferente o para compartir en una tarde de coffee lovers. Podr\u00e1s escoger entre chocolate caramel, gulupa, yogurt de frutos rojos, vainilla y arequipe o crema de ron con pistacho. Cantidad m\u00ednima: 10 unidades.","og_url":"https:\/\/love4cakes.com\/en\/product\/cubicakes\/","og_site_name":"Love4Cakes","article_modified_time":"2024-07-09T12:30:45+00:00","og_image":[{"width":600,"height":600,"url":"https:\/\/love4cakes.com\/wp-content\/uploads\/2024\/06\/9.jpg","type":"image\/jpeg"}],"twitter_card":"summary_large_image","twitter_misc":{"Est. reading time":"1 minute"},"schema":{"@context":"https:\/\/schema.org","@graph":[{"@type":"WebPage","@id":"https:\/\/love4cakes.com\/product\/cubicakes\/","url":"https:\/\/love4cakes.com\/product\/cubicakes\/","name":"Cubicakes - Love4Cakes","isPartOf":{"@id":"https:\/\/love4cakes.com\/#website"},"primaryImageOfPage":{"@id":"https:\/\/love4cakes.com\/product\/cubicakes\/#primaryimage"},"image":{"@id":"https:\/\/love4cakes.com\/product\/cubicakes\/#primaryimage"},"thumbnailUrl":"https:\/\/i0.wp.com\/love4cakes.com\/wp-content\/uploads\/2024\/06\/9.jpg?fit=600%2C600&ssl=1","datePublished":"2024-06-03T11:07:46+00:00","dateModified":"2024-07-09T12:30:45+00:00","breadcrumb":{"@id":"https:\/\/love4cakes.com\/product\/cubicakes\/#breadcrumb"},"inLanguage":"en-US","potentialAction":[{"@type":"ReadAction","target":["https:\/\/love4cakes.com\/product\/cubicakes\/"]}]},{"@type":"ImageObject","inLanguage":"en-US","@id":"https:\/\/love4cakes.com\/product\/cubicakes\/#primaryimage","url":"https:\/\/i0.wp.com\/love4cakes.com\/wp-content\/uploads\/2024\/06\/9.jpg?fit=600%2C600&ssl=1","contentUrl":"https:\/\/i0.wp.com\/love4cakes.com\/wp-content\/uploads\/2024\/06\/9.jpg?fit=600%2C600&ssl=1","width":600,"height":600},{"@type":"BreadcrumbList","@id":"https:\/\/love4cakes.com\/product\/cubicakes\/#breadcrumb","itemListElement":[{"@type":"ListItem","position":1,"name":"Portada","item":"https:\/\/love4cakes.com\/"},{"@type":"ListItem","position":2,"name":"Pasteler\u00eda","item":"https:\/\/love4cakes.com\/shop\/"},{"@type":"ListItem","position":3,"name":"Cubicakes"}]},{"@type":"WebSite","@id":"https:\/\/love4cakes.com\/#website","url":"https:\/\/love4cakes.com\/","name":"Love4Cakes","description":"Pasteler&iacute;a Artesanal","publisher":{"@id":"https:\/\/love4cakes.com\/#organization"},"potentialAction":[{"@type":"SearchAction","target":{"@type":"EntryPoint","urlTemplate":"https:\/\/love4cakes.com\/?s={search_term_string}"},"query-input":{"@type":"PropertyValueSpecification","valueRequired":true,"valueName":"search_term_string"}}],"inLanguage":"en-US"},{"@type":"Organization","@id":"https:\/\/love4cakes.com\/#organization","name":"Love4Cakes","url":"https:\/\/love4cakes.com\/","logo":{"@type":"ImageObject","inLanguage":"en-US","@id":"https:\/\/love4cakes.com\/#\/schema\/logo\/image\/","url":"https:\/\/love4cakes.com\/wp-content\/uploads\/2024\/05\/cropped-LogosVOL2-09.png","contentUrl":"https:\/\/love4cakes.com\/wp-content\/uploads\/2024\/05\/cropped-LogosVOL2-09.png","width":512,"height":512,"caption":"Love4Cakes"},"image":{"@id":"https:\/\/love4cakes.com\/#\/schema\/logo\/image\/"}}]}},"uagb_featured_image_src":{"full":["https:\/\/i0.wp.com\/love4cakes.com\/wp-content\/uploads\/2024\/06\/9.jpg?fit=600%2C600&ssl=1",600,600,false],"thumbnail":["https:\/\/i0.wp.com\/love4cakes.com\/wp-content\/uploads\/2024\/06\/9.jpg?resize=150%2C150&ssl=1",150,150,true],"medium":["https:\/\/i0.wp.com\/love4cakes.com\/wp-content\/uploads\/2024\/06\/9.jpg?fit=300%2C300&ssl=1",300,300,true],"medium_large":["https:\/\/i0.wp.com\/love4cakes.com\/wp-content\/uploads\/2024\/06\/9.jpg?fit=600%2C600&ssl=1",600,600,true],"large":["https:\/\/i0.wp.com\/love4cakes.com\/wp-content\/uploads\/2024\/06\/9.jpg?fit=600%2C600&ssl=1",600,600,true],"1536x1536":["https:\/\/i0.wp.com\/love4cakes.com\/wp-content\/uploads\/2024\/06\/9.jpg?fit=600%2C600&ssl=1",600,600,true],"2048x2048":["https:\/\/i0.wp.com\/love4cakes.com\/wp-content\/uploads\/2024\/06\/9.jpg?fit=600%2C600&ssl=1",600,600,true],"trp-custom-language-flag":["https:\/\/i0.wp.com\/love4cakes.com\/wp-content\/uploads\/2024\/06\/9.jpg?fit=12%2C12&ssl=1",12,12,true],"neve-blog":["https:\/\/i0.wp.com\/love4cakes.com\/wp-content\/uploads\/2024\/06\/9.jpg?resize=600%2C600&ssl=1",600,600,true],"woocommerce_thumbnail":["https:\/\/i0.wp.com\/love4cakes.com\/wp-content\/uploads\/2024\/06\/9.jpg?resize=300%2C300&ssl=1",300,300,true],"woocommerce_single":["https:\/\/i0.wp.com\/love4cakes.com\/wp-content\/uploads\/2024\/06\/9.jpg?fit=600%2C600&ssl=1",600,600,true],"woocommerce_gallery_thumbnail":["https:\/\/i0.wp.com\/love4cakes.com\/wp-content\/uploads\/2024\/06\/9.jpg?resize=100%2C100&ssl=1",100,100,true]},"uagb_author_info":{"display_name":"Marco Antonio Del Olmo","author_link":"https:\/\/love4cakes.com\/en\/author\/"},"uagb_comment_info":0,"uagb_excerpt":"Estos cubicakes est\u00e1n elaborados por capas de delicioso bizcochuelo, aromatizado con esencias y sabores. As\u00ed te garantizaremos una exquisita combinaci\u00f3n y experiencia. Acompa\u00f1ado de relleno de mousses y con una decoraci\u00f3n sencilla y elegante, que te servir\u00e1 para dar un regalo diferente o para compartir en una tarde de coffee lovers. Podr\u00e1s escoger entre chocolate&hellip;","_links":{"self":[{"href":"https:\/\/love4cakes.com\/en\/wp-json\/wp\/v2\/product\/1021","targetHints":{"allow":["GET"]}}],"collection":[{"href":"https:\/\/love4cakes.com\/en\/wp-json\/wp\/v2\/product"}],"about":[{"href":"https:\/\/love4cakes.com\/en\/wp-json\/wp\/v2\/types\/product"}],"replies":[{"embeddable":true,"href":"https:\/\/love4cakes.com\/en\/wp-json\/wp\/v2\/comments?post=1021"}],"wp:featuredmedia":[{"embeddable":true,"href":"https:\/\/love4cakes.com\/en\/wp-json\/wp\/v2\/media\/1498"}],"wp:attachment":[{"href":"https:\/\/love4cakes.com\/en\/wp-json\/wp\/v2\/media?parent=1021"}],"wp:term":[{"taxonomy":"product_brand","embeddable":true,"href":"https:\/\/love4cakes.com\/en\/wp-json\/wp\/v2\/product_brand?post=1021"},{"taxonomy":"product_cat","embeddable":true,"href":"https:\/\/love4cakes.com\/en\/wp-json\/wp\/v2\/product_cat?post=1021"},{"taxonomy":"product_tag","embeddable":true,"href":"https:\/\/love4cakes.com\/en\/wp-json\/wp\/v2\/product_tag?post=1021"}],"curies":[{"name":"wp","href":"https:\/\/api.w.org\/{rel}","templated":true}]}}